{"id":1621,"date":"2020-05-28T20:18:39","date_gmt":"2020-05-28T17:18:39","guid":{"rendered":"https:\/\/ljkka.lt\/privatumo-politika\/"},"modified":"2020-05-28T21:38:20","modified_gmt":"2020-05-28T18:38:20","slug":"privacy-policy","status":"publish","type":"page","link":"https:\/\/ljkka.lt\/en\/privacy-policy\/","title":{"rendered":"Privacy policy"},"content":{"rendered":"<p><strong><em>2020 m.\u00a0<\/em><\/strong><strong><em>gegu\u017e\u0117s 28<\/em><\/strong><strong><em>d. redakcija<\/em><\/strong><\/p>\n<p><strong>PRIVATUMO POLITIKA<\/strong><\/p>\n<p><strong>BENDROJI INFORMACIJA<\/strong><\/p>\n<p>\u0160i privatumo politika nustato Lietuvos j\u016br\u0173 krovos kompanij\u0173 asociacija, juridinio asmens kodas 141833858, buvein\u0117s adresas Nemuno 51, LT-91190 Klaip\u0117da, elektroninio pa\u0161to adresas info@ljkka.lt (toliau \u2013 Valdytojas), vykdomo interneto svetain\u0117s\u00a0<a href=\"https:\/\/ljkka.lt\/\">https:\/\/ljkka.lt\/<\/a>\u00a0lankytoj\u0173 ir kit\u0173 duomen\u0173 subjekt\u0173 asmens duomen\u0173 tvarkymo s\u0105lygas, su asmens duomen\u0173 tvarkymu susijusi\u0173 duomen\u0173 subjekt\u0173 teisi\u0173 \u012fgyvendinimo tvark\u0105.<\/p>\n<p>Skirkite laiko \u0161ios politikos per\u017ei\u016br\u0117jimui ir, jeigu tur\u0117tum\u0117te klausim\u0173, nedvejodami susisiekite su Valdytoju vienu i\u0161 b\u016bd\u0173: telefonu, pa\u0161tu ar elektroniniu pa\u0161tu.<\/p>\n<p>Valdytojas gali bet kuriuo metu per\u017ei\u016br\u0117ti ir pakeisti privatumo politik\u0105, tod\u0117l rekomenduojame periodi\u0161kai patikrinti, ar esate susipa\u017ein\u0119 su aktualia privatumo politikos redakcija. Aktualios privatumo politikos redakcijos paskelbimo data yra nurodyta vir\u0161utin\u0117je \u0161io interneto puslapio dalyje.<\/p>\n<p>Interneto svetaini\u0173 lankytoj\u0173 ir kit\u0173 duomen\u0173 subjekt\u0173 asmens duomenys yra tvarkomi vadovaujantis galiojan\u010diais teis\u0117s aktais ir u\u017etikrinant tinkamas technines bei organizacines asmens duomen\u0173 apsaugos priemones.<\/p>\n<p>Valdytojas j\u016bs\u0173 pateiktus ar paties Valdytojo surinktus asmens duomenis naudoja tik privatumo politikoje arba jums atskiru prane\u0161imu nurodytais tikslais, neperduoda asmens duomen\u0173 valdyti kitiems asmenims, i\u0161skyrus \u0161ioje privatumo politikoje nurodytus atvejus. \u012estatymuose numatytais atvejais j\u016bs\u0173 duomenys taip pat gali b\u016bti perduoti kompetentingoms vald\u017eios institucijoms. Kiti j\u016bs\u0173 asmens duomen\u0173 perdavimo tretiesiems asmenimis (Valdytojo partneriams, duomen\u0173 tvarkytojams ir kt.) atvejai yra nurodyti atskirose privatumo politikos skiltyse.<\/p>\n<p>Interneto svetain\u0117se yra nuorod\u0173 \u012f Valdytojui nepriklausan\u010dias interneto svetaines. Valdytojas n\u0117ra atsakingas u\u017e \u0161i\u0173 svetaini\u0173 taikomas privatumo politikas, tod\u0117l rekomenduojame b\u016bti aktyviems ir susipa\u017einti su interneto svetaini\u0173, \u012f kurias esate nukreipiami, privatumo politikomis.<\/p>\n<p><strong>VALDYTOJO INTERNETO SVETAINI\u0172 LANKYTOJ\u0172 ASMENS DUOMENYS, SLAPUK\u0172 NAUDOJIMAS<\/strong><\/p>\n<p><strong>Slapukai<\/strong><\/p>\n<p>Interneto svetain\u0117se yra naudojami \u201eslapukai\u201c (angl.\u00a0<em>cookies<\/em>) \u2013 ma\u017ei tekstiniai failai, i\u0161saugomi j\u016bs\u0173 \u012frenginyje (pavyzd\u017eiui, kompiuteryje, mobiliajame telefone, plan\u0161et\u0117je), kai j\u016bs nar\u0161ote interneto svetain\u0117je.<\/p>\n<p>Su Valdytojo \u012fra\u0161om\u0173 slapuk\u0173 charakteristikomis galite susipa\u017einti pateikiamoje lentel\u0117je.<\/p>\n<table class=\"cookies-table\" border=\"1\" cellspacing=\"0\" cellpadding=\"0\">\n<tbody>\n<tr>\n<td><strong>Slapukas<\/strong><\/td>\n<td><strong>Pavadinimas<\/strong><\/td>\n<td><strong>Duomen\u0173 tvarkymo tikslas<\/strong><\/td>\n<td><strong>Suk\u016brimo momentas<\/strong><\/td>\n<td><strong>Galiojimo laikas<\/strong><\/td>\n<td><strong>Naudojami duomenys<\/strong><\/td>\n<td><strong>Papildoma informacija<\/strong><\/td>\n<\/tr>\n<tr>\n<td>Slapukas, b\u016btinas interneto svetainei funkcionuoti<\/td>\n<td>PHPSESSID<\/td>\n<td>Slapukas yra skirtas interneto svetain\u0117s funkcionalumui realizuoti. Jis i\u0161trinamas, kai u\u017edaromas interneto svetain\u0117s langas.<\/td>\n<td>\u012eeinant \u012f puslap\u012f<\/td>\n<td>Iki interneto svetain\u0117s lango u\u017edarymo<\/td>\n<td>Unikalus ID numeris<\/td>\n<td>Informacija i\u0161\u00a0<u><a href=\"http:\/\/php.net\/\" target=\"_blank\" rel=\"noopener noreferrer\">PHP.NET<\/a><\/u>: Sessions &#8211; Manual<\/td>\n<\/tr>\n<tr>\n<td>Slapukas, reikalingas tinkamam &#8220;Google Analytics&#8221; veikimui<\/td>\n<td>_ga<\/td>\n<td>\u0160\u012f slapuk\u0105 naudoja \u201eGoogle Analytics\u201c, kad \u012fvertint\u0173 vartotojo apsilankymo tikslus, parengt\u0173 ataskaitas apie tinklalapio aktyvum\u0105 svetaini\u0173 operatoriams ir pagerint\u0173 kliento patirt\u012f besilankant svetain\u0117je.<\/td>\n<td>Po sutikimo su &#8220;Cookies&#8221; taisykl\u0117mis<\/td>\n<td>2 metai<\/td>\n<td>Unikalus ID numeris<\/td>\n<td><\/td>\n<\/tr>\n<tr>\n<td>Slapukas, reikalingas tinkamam &#8220;Google Analytics&#8221; veikimui<\/td>\n<td>_gat<\/td>\n<td>Slapukas naudojamas u\u017eklaus\u0173 skai\u010diui riboti.<\/td>\n<td>Po sutikimo su &#8220;Cookies&#8221; taisykl\u0117mis<\/td>\n<td>1 min.<\/td>\n<td>&#8220;Boolean&#8221; tipo kintamas<\/td>\n<td><\/td>\n<\/tr>\n<tr>\n<td>Slapukas, reikalingas tinkamam &#8220;Google Analytics&#8221; veikimui<\/td>\n<td>_gid<\/td>\n<td>Naudojamas atskirti naudotojus.<\/td>\n<td>Po sutikimo su &#8220;Cookies&#8221; taisykl\u0117mis<\/td>\n<td>24 val.<\/td>\n<td>Unikalus ID numeris<\/td>\n<td><\/td>\n<\/tr>\n<tr>\n<td>Slapukas, reikalingas &#8220;Cookies&#8221; moduliui funkcionuoti<\/td>\n<td>_law<\/td>\n<td>Sistemis slapukas, i\u0161saugo informacij\u0105 apie slapuk\u0173 naudojim\u0105<\/td>\n<td>Po sutikimo su &#8220;Cookies&#8221; taisykl\u0117mis<\/td>\n<td>1 metai.<\/td>\n<td>&#8220;Boolean&#8221; tipo kintamas<\/td>\n<td><\/td>\n<\/tr>\n<\/tbody>\n<\/table>\n<p>Apsilankius interneto svetain\u0117se taip pat gali b\u016bti \u012fra\u0161omi ir tre\u010di\u0173j\u0173 \u0161ali\u0173 slapukai, kuri\u0173 kiekio ir funkcij\u0173 Valdytojas nekontroliuoja, neturi galimyb\u0117s susipa\u017einti su j\u0173 surinkta informacija. Tiksli\u0105 informacij\u0105 apie tre\u010di\u0173j\u0173 \u0161ali\u0173 (Facebook, Google, LinkedIn ir kt.) naudojam\u0173 slapuk\u0173 funkcijas ir j\u0173 renkamus asmens duomenis galite rasti \u0161i\u0173 tre\u010di\u0173j\u0173 \u0161ali\u0173 privatumo \/ slapuk\u0173 politikose (pavyzd\u017eiui,\u00a0<a href=\"https:\/\/www.facebook.com\/policies\/cookies\/\">Facebook slapuk\u0173 politikoje<\/a>,\u00a0<a href=\"https:\/\/policies.google.com\/technologies\/cookies?hl=en\">Google slapuk\u0173 politikoje<\/a>,\u00a0<a href=\"https:\/\/www.linkedin.com\/legal\/cookie-policy\">LinkedIn slapuk\u0173 politikoje<\/a>) arba susisiek\u0119 su slapukus siun\u010dian\u010dios tre\u010diosios \u0161alies kontaktiniu asmeniu.<\/p>\n<p>Su\u017einoti, kokie konkret\u016bs slapukai buvo \u012fra\u0161yti jums apsilankius kurioje nors i\u0161 Valdytojo interneto svetaini\u0173, galite patikrin\u0119 savo nar\u0161ykl\u0117s nustatymus. Jei naudojate\u00a0<em>Google Chrome<\/em>\u00a0nar\u0161ykl\u0119, informacij\u0105 apie \u012fra\u0161ytus slapukus rasite paspaud\u0119 kair\u0117je adreso laukelio pus\u0117je esant\u012f mygtuk\u0105.<\/p>\n<p><strong><em>Lankantis socialiniuose tinkluose esan\u010diuose Valdytojo gerb\u0117j\u0173 puslapiuose \u012fra\u0161omi slapukai<\/em><\/strong><\/p>\n<p>Jums apsilankius Gerb\u0117j\u0173 puslapiuose, socialini\u0173 tinkl\u0173 administratoriai \u012f j\u016bs\u0173 \u012frengin\u012f \u012fra\u0161o slapukus, kurie renka asmens duomenis. Slapukai yra \u012fra\u0161omi tiek tuo atveju, jei esate registruotas socialini\u0173 tinkl\u0173 vartotojas, tiek ir tuo atveju, jei neturite paskyros atitinkamame socialiniame tinkle. Valdytojas (Lietuvos j\u016br\u0173 krovos kompanij\u0173 asociacija) prie surinkt\u0173 j\u016bs\u0173 asmens duomen\u0173 prieigos neturi ir i\u0161 socialini\u0173 tinkl\u0173 administratori\u0173 gali gauti tik statistin\u0119 informacij\u0105 apie Gerb\u0117j\u0173 puslapi\u0173 lankomum\u0105.<\/p>\n<p>Siekdami gauti i\u0161samesn\u0119 informacij\u0105 apie Gerb\u0117j\u0173 puslapi\u0173 administravimo tikslu tvarkomus j\u016bs\u0173 asmens duomenis, susipa\u017einkite su:<\/p>\n<ul>\n<li><a href=\"https:\/\/www.facebook.com\/policies\/cookies\/\">Facebook<\/a>\u00a0slapuk\u0173 politika arba susisiekite su\u00a0<a href=\"https:\/\/www.facebook.com\/help\/contact\/540977946302970\">Facebook<\/a>\u00a0duomen\u0173 apsaugos pareig\u016bnu (d\u0117l Facebook naudojam\u0173 asmens duomen\u0173).<\/li>\n<\/ul>\n<p>Slapukus apriboti ar u\u017eblokuoti galite valdydami savo interneto nar\u0161ykl\u0117s nustatymus. Jeigu norite, kad interneto svetain\u0117s j\u016bs\u0173 \u012frenginyje netalpint\u0173 visi\u0161kai joki\u0173 slapuk\u0173, pritaikykite savo interneto nar\u0161ykl\u0117s nustatymus taip, kad jums b\u016bt\u0173 prane\u0161ta prie\u0161 patalpinant bet kok\u012f slapuk\u0105 arba interneto nar\u0161ykl\u0117 atmest\u0173 visus slapukus. Nustatymus tur\u0117site atskirai pritaikyti kiekvienai kiekvieno \u012frenginio interneto nar\u0161yklei.<\/p>\n<p>U\u017edraud\u0119 bet kok\u012f slapuk\u0173 naudojim\u0105 ar apriboj\u0119 j\u0173 naudojim\u0105, galite negauti norim\u0173 paslaug\u0173 arba negal\u0117ti naudotis interneto svetaini\u0173 funkcionalumais.<\/p>\n<p>I\u0161samesn\u0119 informacij\u0105 apie slapukus, j\u0173 veikimo principus ir nustatymus galite rasti interneto svetain\u0117je\u00a0<a href=\"http:\/\/www.allaboutcookies.org\/\">http:\/\/www.allaboutcookies.org<\/a>.<\/p>\n<p><strong>Komunikacijos \u012frankiai<\/strong><\/p>\n<p>Tikslu atsakyti \u012f j\u016bs\u0173 pateikt\u0105 paklausim\u0105 ir i\u0161saugoti susira\u0161in\u0117jimo \u012frodymus (\u012fgyvendindamas teis\u0117t\u0105 interes\u0105 vykdyti efektyvi\u0105 komunikacij\u0105 ir i\u0161vengti su asmen\u0173 aptarnavimu susijusi\u0173 gin\u010d\u0173), Valdytojas tvarko \u0161i\u0105 j\u016bs\u0173 pateikt\u0105 informacij\u0105:<\/p>\n<ul>\n<li>paklausim\u0105 siun\u010diant interneto svetain\u0117se nurodytais elektroninio pa\u0161to adresais, yra tvarkomas vardas, pavard\u0117, elektroninio pa\u0161to adresas, elektroninio lai\u0161ko data, laikas ir susira\u0161in\u0117jimo su Valdytojo atstovu turinys;<\/li>\n<li>paklausim\u0105 siun\u010diant Valdytojo buvein\u0117s adresu, yra tvarkomas siunt\u0117jo vardas, pavard\u0117, adresas, lai\u0161ko gavimo data bei lai\u0161ke nurodyta informacija;<\/li>\n<li>paklausim\u0105 siun\u010diant per socialini\u0173 tinkl\u0173 Facebook ar LinkedIn paskyr\u0105, yra tvarkomas vartotojo vardas, \u017einu\u010di\u0173 gavimo data, laikas ir susira\u0161in\u0117jimo su Valdytojo atstovu turinys.<\/li>\n<\/ul>\n<p>Kartu su paklausimais pateikti asmens duomenys ir tolimesnis j\u016bs\u0173 bei Valdytojo atstovo susira\u0161in\u0117jimas bus saugomas einamaisiais metais ir 5 metus po einam\u0173j\u0173 met\u0173 pabaigos.<br \/>\nPaklausim\u0105 siun\u010diant per socialini\u0173 tinkl\u0173 Facebook ar LinkedIn paskyras, j\u016bs\u0173 pateikti asmens duomenys gali b\u016bti atskleisti \u0161i\u0173 socialini\u0173 tinkl\u0173 valdytojams ir kitiems asmenims, su kuriais socialini\u0173 tinkl\u0173 Facebook ar LinkedIn valdytojai dalinasi asmens duomenimis. Siekdami gauti i\u0161samesn\u0119 informacij\u0105, susipa\u017einkite su socialini\u0173 tinkl\u0173\u00a0<a href=\"https:\/\/www.facebook.com\/policy.php\">Facebook<\/a>\u00a0ir\u00a0<a href=\"https:\/\/www.linkedin.com\/legal\/privacy-policy\">LinkedIn<\/a>\u00a0privatumo politikomis.<\/p>\n<p>J\u016bs\u0173 teis\u0117s, susijusios su asmens duomen\u0173 tvarkymu, nurodytos Privatumo politikos skiltyje J\u016aS\u0172 TEIS\u0116S IR J\u0172 \u012eGYVENDINIMO TVARKA.<\/p>\n<p><strong>KANDIDAT\u0172 \u012e DARBUOTOJUS ASMENS DUOMENYS<\/strong><\/p>\n<p>Visus asmen\u0173, pageidaujan\u010di\u0173 \u012fsidarbinti Valdytojo bendrov\u0117je, pateiktus asmens duomenis Valdytojas tvarko tik darbuotoj\u0173 atrankos ir \u012fdarbinimo tikslu, tur\u0117damas teis\u0117t\u0105 interes\u0105 \u012fvertinti kandidato tinkamum\u0105 dirbti pageidaujam\u0105 darb\u0105.<\/p>\n<p>Be paties kandidato \u012f darbuotojus pateikt\u0173 duomen\u0173 atrankos ir \u012fdarbinimo vykdymo tikslu Valdytojas gali rinkti ir kitaip tvarkyti kitus vie\u0161ai prieinamus kandidato duomenis, susijusius su kvalifikacija, profesiniais geb\u0117jimais ir dalykin\u0117mis savyb\u0117mis, t. y. ie\u0161koti informacijos internete, patikrinti kandidato socialini\u0173 tinkl\u0173 (pavyzd\u017eiui, LinkedIn, Facebook, Twitter) profilius ir pan. Valdytojas taip pat gali kreiptis \u012f kandidato gyvenimo apra\u0161yme (CV) ir (ar) vie\u0161ose socialini\u0173 tinkl\u0173 paskyrose nurodytus buvusius kandidato darbdavius ir pra\u0161yti pateikti informacij\u0105 apie kandidato kvalifikacij\u0105, profesinius geb\u0117jimus ir dalykines savybes.<\/p>\n<p>Kandidato, dalyvaujan\u010dio Valdytojo paskelbtoje atrankoje \u012f konkre\u010di\u0105 darbo viet\u0105, asmens duomenis Valdytojas saugo 4 m\u0117n. nuo konkre\u010dios darbuotojo atrankos pasibaigimo. Asmens duomen\u0173 saugojimo terminas prat\u0119siamas tik gavus atskir\u0105 kandidato sutikim\u0105. Jei sutikimas toliau tvarkyti kandidato asmens duomenis n\u0117ra gaunamas, pasibaigus \u0161iam terminui visi (tiek pateikti kandidato, tiek surinkti Valdytojo) kandidato asmens duomenys yra sunaikinami.<\/p>\n<p>J\u016bs\u0173 teis\u0117s, susijusios su asmens duomen\u0173 tvarkymu, nurodytos Privatumo politikos skiltyje J\u016aS\u0172 TEIS\u0116S IR J\u0172 \u012eGYVENDINIMO TVARKA.<\/p>\n<p><strong>VAIZDO STEB\u0116JIMAS<\/strong><\/p>\n<p>Valdytojo teritorijoje ir patalpose yra vykdomas vaizdo steb\u0117jimas. Stebimos teritorijos ir patalp\u0173 dalys yra pa\u017eym\u0117tos vaizdin\u0117mis priemon\u0117mis, matomomis prie\u0161 patenkant \u012f vaizdo steb\u0117jimo lauk\u0105.<\/p>\n<p>Vaizdas stebimas Valdytojo turto ir darbuotoj\u0173 saugumo u\u017etikrinimo tikslu. Vaizdo duomen\u0173 tvarkymo teisinis pagrindas \u2013 teis\u0117tas Valdytojo interesas u\u017ekirsti keli\u0105 \u017ealos, kuri\u0105 Valdytojas patirt\u0173 prarad\u0119s turt\u0105 ar neu\u017etikrin\u0119s darbuotoj\u0173 saugumo, atsiradimo.<\/p>\n<p>Vaizdo duomen\u0173 gav\u0117jas yra saugos tarnyba, teikianti Valdytojui fizin\u0117s saugos paslaugas. Esant \u012ftarimui d\u0117l nusikaltimo ar kito teis\u0117s pa\u017eeidimo padarymo, vaizdo duomenys gali b\u016bti teikiami ir teis\u0117saugos institucijoms. Vaizdo duomenys \u012fra\u0161omi ir saugomi nuo 14 iki 30 kalendorini\u0173 dien\u0173 nuo j\u0173 \u012fra\u0161ymo. Konkretus vaizdo duomen\u0173 saugojimo laikas priklauso nuo to, kaip greitai u\u017esipildo vaizdo \u012fra\u0161ymo \u012frenginys, kuriame saugomi vaizdo \u012fra\u0161ai. Jeigu vaizdo duomenys naudojami kaip \u012frodymai teis\u0117saugos institucijose, taip pat nustatant darbuotojo darbo pareig\u0173 pa\u017eeidimus ir taikant atsakomyb\u0119, nustatant darbuotojo padarytos \u017ealos dyd\u012f ir jos atlyginimo tvark\u0105 ar kitais \u012fstatym\u0173 nustatytais atvejais, vaizdo duomenys gali b\u016bti saugomi tiek, kiek reikalinga \u0161iems duomen\u0173 tvarkymo tikslams, ir sunaikinami nedelsiant, kai tampa nebereikalingi.<\/p>\n<p>J\u016bs\u0173 teis\u0117s, susijusios su asmens duomen\u0173 tvarkymu, nurodytos Privatumo politikos skiltyje J\u016aS\u0172 TEIS\u0116S IR J\u0172 \u012eGYVENDINIMO TVARKA.<\/p>\n<p><strong>LANKYTOJ\u0172 REGISTRAVIMAS<\/strong><\/p>\n<p>Valdytojas vykdo \u012f \u012fmon\u0117s teritorij\u0105 patenkan\u010di\u0173 asmen\u0173 registracij\u0105 u\u017ekre\u010diam\u0173 lig\u0173 prevencijos ir kontrol\u0117s tikslu ir tvarko toliau nurodytus asmens duomenis: vardas, pavard\u0117, atstovaujama \u012fmon\u0117, automobilio valstybinis numeris, atvykimo \u012f Valdytojo teritorij\u0105 data ir laikas, teritorijos dalis, kurioje lank\u0117si.<\/p>\n<p>Asmens duomen\u0173 tvarkymo teisinis pagrindas \u2013 teis\u0117tas duomen\u0173 valdytojo interesas u\u017ekirsti keli\u0105 u\u017ekre\u010diam\u0173 lig\u0173 plitimui.<\/p>\n<p>Duomen\u0173 gav\u0117jas yra saugos tarnyba, teikianti Valdytojui fizin\u0117s saugos paslaugas. Duomenys saugomi einamaisiais kalendoriniais metais ir 3 metus nuo j\u0173 pabaigos.<\/p>\n<p>J\u016bs\u0173 teis\u0117s, susijusios su asmens duomen\u0173 tvarkymu, nurodytos Privatumo politikos skiltyje J\u016aS\u0172 TEIS\u0116S IR J\u0172 \u012eGYVENDINIMO TVARKA.<\/p>\n<p><strong>J\u016aS\u0172 TEIS\u0116S IR J\u0172 \u012eGYVENDINIMO TVARKA<\/strong><\/p>\n<p>J\u016bs kaip duomen\u0173 subjektas turite \u0161ias teises:<\/p>\n<ul>\n<li>teis\u0119 pra\u0161yti, kad Valdytojas leist\u0173 susipa\u017einti su J\u016bs\u0173 asmens duomenimis;<\/li>\n<li>teis\u0119 reikalauti i\u0161taisyti neteisingus, netikslius arba nei\u0161samius duomenis;<\/li>\n<li>teis\u0119 apriboti J\u016bs\u0173 asmens duomen\u0173 tvarkym\u0105, kol J\u016bs\u0173 pra\u0161ymu bus patikrintas j\u0173 tvarkymo teis\u0117tumas;<\/li>\n<li>teis\u0119 reikalauti i\u0161trinti asmens duomenis;<\/li>\n<li>teis\u0119 nesutikti su asmens duomen\u0173 tvarkymu tiesiogin\u0117s rinkodaros tikslais, \u012fskaitant profiliavim\u0105, ir kai asmens duomenys tvarkomi siekiant teis\u0117t\u0173 Valdytojo interes\u0173;<\/li>\n<li>teis\u0119 reikalauti perkelti J\u016bs\u0173 asmens duomenis kitam duomen\u0173 valdytojui arba pateikti tiesiogiai Jums patogia forma (taikoma tiems asmens duomenims, kuriuos pateik\u0117te J\u016bs pats\/pati ir kurie automatizuotomis priemon\u0117mis tvarkomi sutikimo pagrindu arba sutarties sudarymo ir vykdymo pagrindu);<\/li>\n<li>teis\u0119 at\u0161aukti J\u016bs\u0173 duot\u0105 sutikim\u0105, nedarant poveikio iki sutikimo at\u0161aukimo vykdytam J\u016bs\u0173 asmens duomen\u0173 naudojimui;<\/li>\n<li>teis\u0119 pateikti skund\u0105 Valstybinei duomen\u0173 apsaugos inspekcijai (daugiau informacijos rasite\u00a0<a href=\"https:\/\/vdai.lrv.lt\/\">Valstybin\u0117s duomen\u0173 apsaugos inspekcijos interneto svetain\u0117je<\/a>).<\/li>\n<\/ul>\n<p>Valdytojas deda visas pastangas, kad J\u016bs\u0173 teis\u0117s b\u016bt\u0173 \u012fgyvendintos ir b\u016bt\u0173 atsakyta \u012f Jums i\u0161kylan\u010dius klausimus d\u0117l politikoje pateikiamos informacijos. Pra\u0161ym\u0105 d\u0117l auk\u0161\u010diau nurodyt\u0173 teisi\u0173 \u012fgyvendinimo, taip pat skundus, prane\u0161imus ar pra\u0161ymus galite pateikti Lietuvos j\u016br\u0173 krovos kompanij\u0173 asociacija kontaktiniam asmeniui el. pa\u0161tu info@ljkka.lt, pa\u0161tu adresu Nemuno 51, LT-91190 Klaip\u0117da, arba atvykus \u0161iuo adresu. Pra\u0161ymuose d\u0117l teisi\u0173 \u012fgyvendinimo pra\u0161ome nurodyti, koki\u0105 teis\u0119 ir kokia apimtimi pageidaujate \u012fgyvendinti. Pavyzd\u017eiui, pra\u0161yme susipa\u017einti su asmens duomenimis nurodykite, su kokiais asmens duomenimis pageidaujate susipa\u017einti ir koki\u0105 Reglamento 15 straipsnio 1 dalyje i\u0161vardint\u0105 informacij\u0105 pageidaujate gauti<\/p>\n<p>El. pa\u0161tu pateikiami pra\u0161ymai turi b\u016bti pasira\u0161yti kvalifikuotu el. para\u0161u. Tais atvejais, kai pra\u0161ymas siun\u010diamas Valdytojo buvein\u0117s adresu, kartu su pra\u0161ymu b\u016btina pateikti ir notaro patvirtint\u0105 asmens dokumento (paso, asmens tapatyb\u0117s kortel\u0117s) kopij\u0105.<\/p>\n<p>Atsakym\u0105 \u012f J\u016bs\u0173 pra\u0161ym\u0105 Valdytojas pateiks ne v\u0117liau kaip per 30 (trisde\u0161imt) kalendorini\u0173 dien\u0173 nuo pra\u0161ymo gavimo dienos. I\u0161imtiniais atvejais, reikalaujan\u010diais papildomo laiko, Valdytojas gali prat\u0119sti pra\u0161om\u0173 duomen\u0173 pateikimo ar kit\u0173 J\u016bs\u0173 pra\u0161yme nurodyt\u0173 reikalavim\u0173 i\u0161nagrin\u0117jimo termin\u0105 dar dviem m\u0117nesiams. Apie pra\u0161ymo nagrin\u0117jimo termino prat\u0119sim\u0105 b\u016bsite informuoti iki pradinio termino pasibaigimo.<\/p>\n<p>Valdytojas atsisakys tenkinti J\u016bs\u0173 pra\u0161ym\u0105 motyvuotu atsakymu, jei nustatys, kad egzistuoja Bendrajame duomen\u0173 apsaugos reglamente ir kituose teis\u0117s aktuose nurodytos s\u0105lyga atsisakyti tenkinti pra\u0161ym\u0105. Apie atsisakym\u0105 tenkinti pra\u0161ym\u0105 b\u016bsite informuoti ra\u0161tu.<\/p>\n<p><strong>KONTAKTAI<\/strong><\/p>\n<p>Jei tur\u0117tum\u0117te su privatumo politika susijusi\u0173 klausim\u0173, susiekite su mumis ir mes jums pad\u0117sime:<\/p>\n<p><strong>Lietuvos j\u016br\u0173 krovos kompanij\u0173 asociacija<\/strong><\/p>\n<p>Nemuno 51, LT-91190 Klaip\u0117da<br \/>\nTel. +370 46 250001<br \/>\nEl. pa\u0161tas info@ljkka.lt<\/p>\n","protected":false},"excerpt":{"rendered":"<p>2020 m.\u00a0gegu\u017e\u0117s 28d. redakcija PRIVATUMO POLITIKA BENDROJI INFORMACIJA \u0160i privatumo politika nustato Lietuvos j\u016br\u0173 krovos kompanij\u0173 asociacija, juridinio asmens kodas 141833858, buvein\u0117s adresas Nemuno 51, LT-91190 Klaip\u0117da, elektroninio pa\u0161to adresas info@ljkka.lt (toliau \u2013 Valdytojas), vykdomo interneto svetain\u0117s\u00a0https:\/\/ljkka.lt\/\u00a0lankytoj\u0173 ir kit\u0173 duomen\u0173 subjekt\u0173 asmens duomen\u0173 tvarkymo s\u0105lygas, su asmens duomen\u0173 tvarkymu susijusi\u0173 duomen\u0173 subjekt\u0173 teisi\u0173 \u012fgyvendinimo tvark\u0105. Skirkite laiko \u0161ios politikos per\u017ei\u016br\u0117jimui ir, jeigu tur\u0117tum\u0117te klausim\u0173, nedvejodami susisiekite su Valdytoju vienu i\u0161 b\u016bd\u0173: telefonu, pa\u0161tu ar elektroniniu pa\u0161tu. Valdytojas gali bet kuriuo metu per\u017ei\u016br\u0117ti ir pakeisti privatumo politik\u0105, tod\u0117l rekomenduojame periodi\u0161kai patikrinti, ar esate susipa\u017ein\u0119 su aktualia privatumo politikos redakcija. Aktualios privatumo politikos redakcijos paskelbimo data yra nurodyta vir\u0161utin\u0117je \u0161io interneto puslapio dalyje. Interneto svetaini\u0173 lankytoj\u0173 ir kit\u0173 duomen\u0173 subjekt\u0173 asmens duomenys yra tvarkomi vadovaujantis galiojan\u010diais teis\u0117s aktais ir u\u017etikrinant tinkamas technines bei organizacines asmens duomen\u0173 apsaugos priemones. Valdytojas j\u016bs\u0173 pateiktus ar paties Valdytojo surinktus asmens duomenis naudoja tik privatumo politikoje arba jums atskiru prane\u0161imu nurodytais tikslais, neperduoda asmens duomen\u0173 valdyti kitiems asmenims, i\u0161skyrus \u0161ioje privatumo politikoje nurodytus atvejus. \u012estatymuose numatytais atvejais j\u016bs\u0173 duomenys taip pat gali b\u016bti perduoti kompetentingoms vald\u017eios institucijoms. Kiti j\u016bs\u0173 asmens duomen\u0173 perdavimo tretiesiems asmenimis (Valdytojo partneriams, duomen\u0173 tvarkytojams ir kt.) atvejai yra nurodyti atskirose privatumo politikos skiltyse. Interneto svetain\u0117se yra nuorod\u0173 \u012f Valdytojui nepriklausan\u010dias interneto svetaines. Valdytojas n\u0117ra atsakingas u\u017e \u0161i\u0173 svetaini\u0173 taikomas privatumo politikas, tod\u0117l rekomenduojame b\u016bti aktyviems ir susipa\u017einti su interneto svetaini\u0173, \u012f kurias esate nukreipiami, privatumo politikomis. VALDYTOJO INTERNETO SVETAINI\u0172 LANKYTOJ\u0172 ASMENS DUOMENYS, SLAPUK\u0172 NAUDOJIMAS Slapukai Interneto svetain\u0117se yra naudojami \u201eslapukai\u201c (angl.\u00a0cookies) \u2013 ma\u017ei tekstiniai failai, i\u0161saugomi j\u016bs\u0173 \u012frenginyje (pavyzd\u017eiui, kompiuteryje, mobiliajame telefone, plan\u0161et\u0117je), kai j\u016bs nar\u0161ote interneto svetain\u0117je. Su Valdytojo \u012fra\u0161om\u0173 slapuk\u0173 charakteristikomis galite susipa\u017einti pateikiamoje lentel\u0117je. Slapukas Pavadinimas Duomen\u0173 tvarkymo tikslas Suk\u016brimo momentas Galiojimo laikas Naudojami duomenys Papildoma informacija Slapukas, b\u016btinas interneto svetainei funkcionuoti PHPSESSID Slapukas yra skirtas interneto svetain\u0117s funkcionalumui realizuoti&#8230;. <\/p>\n<p><a class=\"readmore\" href=\"https:\/\/ljkka.lt\/en\/privacy-policy\/\">Continue Reading<\/a><\/p>\n","protected":false},"author":3,"featured_media":0,"parent":0,"menu_order":0,"comment_status":"closed","ping_status":"closed","template":"","meta":{"footnotes":""},"class_list":["post-1621","page","type-page","status-publish","hentry"],"acf":[],"_links":{"self":[{"href":"https:\/\/ljkka.lt\/en\/wp-json\/wp\/v2\/pages\/1621","targetHints":{"allow":["GET"]}}],"collection":[{"href":"https:\/\/ljkka.lt\/en\/wp-json\/wp\/v2\/pages"}],"about":[{"href":"https:\/\/ljkka.lt\/en\/wp-json\/wp\/v2\/types\/page"}],"author":[{"embeddable":true,"href":"https:\/\/ljkka.lt\/en\/wp-json\/wp\/v2\/users\/3"}],"replies":[{"embeddable":true,"href":"https:\/\/ljkka.lt\/en\/wp-json\/wp\/v2\/comments?post=1621"}],"version-history":[{"count":2,"href":"https:\/\/ljkka.lt\/en\/wp-json\/wp\/v2\/pages\/1621\/revisions"}],"predecessor-version":[{"id":1628,"href":"https:\/\/ljkka.lt\/en\/wp-json\/wp\/v2\/pages\/1621\/revisions\/1628"}],"wp:attachment":[{"href":"https:\/\/ljkka.lt\/en\/wp-json\/wp\/v2\/media?parent=1621"}],"curies":[{"name":"wp","href":"https:\/\/api.w.org\/{rel}","templated":true}]}}